{"id":17275,"date":"2024-11-06T13:21:58","date_gmt":"2024-11-06T12:21:58","guid":{"rendered":"https:\/\/www.facio.se\/how-we-work\/follow-up\/"},"modified":"2024-11-06T13:22:22","modified_gmt":"2024-11-06T12:22:22","slug":"follow-up","status":"publish","type":"page","link":"https:\/\/www.facio.se\/en\/how-we-work\/follow-up\/","title":{"rendered":"Follow-up"},"content":{"rendered":"<div class=\"wpb-content-wrapper\"><p>[vc_row row_type=&#8221;row&#8221; use_row_as_full_screen_section=&#8221;no&#8221; type=&#8221;full_width&#8221; text_align=&#8221;left&#8221; background_animation=&#8221;none&#8221; css_animation=&#8221;&#8221; css=&#8221;.vc_custom_1729087127678{margin-bottom: 35px !important;background-image: url(https:\/\/www.facio.se\/wp-content\/uploads\/2024\/07\/facio-uppfoljning-kund.jpg?id=16437) !important;background-position: center !important;background-repeat: no-repeat !important;background-size: cover !important;}&#8221;][vc_column css=&#8221;.vc_custom_1612969101054{padding-top: 14% !important;padding-bottom: 14% !important;}&#8221;][\/vc_column][\/vc_row][vc_row row_type=&#8221;row&#8221; use_row_as_full_screen_section=&#8221;no&#8221; type=&#8221;grid&#8221; text_align=&#8221;left&#8221; background_animation=&#8221;none&#8221; css_animation=&#8221;&#8221;][vc_column width=&#8221;1\/6&#8243;][\/vc_column][vc_column width=&#8221;2\/3&#8243;][vc_column_text css=&#8221;&#8221;]<\/p>\n<h1 style=\"text-align: center;\">Project follow-up &amp; evaluation<\/h1>\n<p>[\/vc_column_text][vc_column_text css=&#8221;&#8221;]<\/p>\n<p style=\"text-align: center;\">After the project concludes, we carry out a detailed follow-up to analyse and compile the results. Our team conducts an internal review to account for all expenses, any discrepancies, unforeseen events, and to document lessons learned for future projects. By maintaining transparency and structure throughout the process, we ensure that you, as our client, have a clear understanding of the project\u2019s journey from beginning to end.<\/p>\n<p style=\"text-align: center;\">Our goal is to establish a long-term partnership where you are not only satisfied with the outcome but also willing to act as an ambassador for our services. Through comprehensive follow-up and evaluation, we aim to build your trust, making you confident in recommending us to others and recognising us as your go-to partner for future projects.<\/p>\n<p>[\/vc_column_text][vc_empty_space][\/vc_column][vc_column width=&#8221;1\/6&#8243;][\/vc_column][\/vc_row][vc_row row_type=&#8221;row&#8221; use_row_as_full_screen_section=&#8221;no&#8221; type=&#8221;grid&#8221; text_align=&#8221;left&#8221; background_animation=&#8221;none&#8221; css_animation=&#8221;&#8221; css=&#8221;.vc_custom_1728982914699{margin-top: 15px !important;}&#8221;][vc_column][vc_separator type=&#8221;normal&#8221; border_style=&#8221;&#8221; down=&#8221;35&#8243;][\/vc_column][\/vc_row][vc_row row_type=&#8221;row&#8221; use_row_as_full_screen_section=&#8221;no&#8221; type=&#8221;grid&#8221; text_align=&#8221;left&#8221; background_animation=&#8221;none&#8221; css_animation=&#8221;&#8221; css=&#8221;.vc_custom_1668159188719{margin-bottom: 30px !important;}&#8221;][vc_column width=&#8221;1\/6&#8243;][\/vc_column][vc_column width=&#8221;2\/3&#8243;][vc_column_text css=&#8221;.vc_custom_1729849815303{margin-bottom: 16px !important;}&#8221;]<\/p>\n<h2 class=\"title-medium\" style=\"text-align: center;\"><span style=\"color: #000000;\">Contact us<\/span><\/h2>\n<p>[\/vc_column_text]\n<div class=\"wpcf7 no-js\" id=\"wpcf7-f10769-o1\" lang=\"sv-SE\" dir=\"ltr\" data-wpcf7-id=\"10769\">\n<div class=\"screen-reader-response\"><p role=\"status\" aria-live=\"polite\" aria-atomic=\"true\"><\/p> <ul><\/ul><\/div>\n<form action=\"\/en\/wp-json\/wp\/v2\/pages\/17275#wpcf7-f10769-o1\" method=\"post\" class=\"wpcf7-form init cf7_custom_style_1\" aria-label=\"Kontaktformul\u00e4r\" novalidate=\"novalidate\" data-status=\"init\">\n<fieldset class=\"hidden-fields-container\"><input type=\"hidden\" name=\"_wpcf7\" value=\"10769\" \/><input type=\"hidden\" name=\"_wpcf7_version\" value=\"6.1.4\" \/><input type=\"hidden\" name=\"_wpcf7_locale\" value=\"sv_SE\" \/><input type=\"hidden\" name=\"_wpcf7_unit_tag\" value=\"wpcf7-f10769-o1\" \/><input type=\"hidden\" name=\"_wpcf7_container_post\" value=\"0\" \/><input type=\"hidden\" name=\"_wpcf7_posted_data_hash\" value=\"\" \/><input type=\"hidden\" name=\"_wpcf7_recaptcha_response\" value=\"\" \/>\n<\/fieldset>\n<div class=\"row\">\n\t<div class=\"vc_col-sm-6\" style='margin-bottom:2px;'>\n\t\t<p><span class=\"wpcf7-form-control-wrap\" data-name=\"your-name\"><input size=\"40\" maxlength=\"400\" class=\"wpcf7-form-control wpcf7-text wpcf7-validates-as-required\" aria-required=\"true\" aria-invalid=\"false\" placeholder=\"Name*\" value=\"\" type=\"text\" name=\"your-name\" \/><\/span>\n\t\t<\/p>\n\t<\/div>\n\t<div class=\"vc_col-sm-6\" style='margin-bottom:2px;'>\n\t\t<p><span class=\"wpcf7-form-control-wrap\" data-name=\"your-email\"><input size=\"40\" maxlength=\"400\" class=\"wpcf7-form-control wpcf7-email wpcf7-text wpcf7-validates-as-email\" aria-invalid=\"false\" placeholder=\"E-mail\" value=\"\" type=\"email\" name=\"your-email\" \/><\/span>\n\t\t<\/p>\n\t<\/div>\n\t<div class=\"vc_col-sm-6\" style='margin-bottom:2px;'>\n\t\t<p><span class=\"wpcf7-form-control-wrap\" data-name=\"tel-telefon\"><input size=\"40\" maxlength=\"400\" class=\"wpcf7-form-control wpcf7-tel wpcf7-validates-as-required wpcf7-text wpcf7-validates-as-tel\" aria-required=\"true\" aria-invalid=\"false\" placeholder=\"Phone*\" value=\"\" type=\"tel\" name=\"tel-telefon\" \/><\/span>\n\t\t<\/p>\n\t<\/div>\n\t<div class=\"vc_col-sm-6\" style='margin-bottom:2px;'>\n\t\t<p><span class=\"wpcf7-form-control-wrap\" data-name=\"text-foretag\"><input size=\"40\" maxlength=\"400\" class=\"wpcf7-form-control wpcf7-text\" aria-invalid=\"false\" placeholder=\"Business\" value=\"\" type=\"text\" name=\"text-foretag\" \/><\/span>\n\t\t<\/p>\n\t<\/div>\n<\/div>\n<div class=\"row\">\n\t<div class=\"vc_col-sm-12\" style='margin-bottom:2px;'>\n\t\t<p><span class=\"wpcf7-form-control-wrap\" data-name=\"menu-omrade\"><select class=\"wpcf7-form-control wpcf7-select wpcf7-validates-as-required\" aria-required=\"true\" aria-invalid=\"false\" name=\"menu-omrade\"><option value=\"Area\">Area<\/option><option value=\"Event\">Event<\/option><option value=\"Retail\">Retail<\/option><option value=\"Expo\">Expo<\/option><\/select><\/span>\n\t\t<\/p>\n\t<\/div>\n\t<div class=\"vc_col-sm-12\" style='margin-bottom:10px;'>\n\t\t<p><span class=\"wpcf7-form-control-wrap\" data-name=\"your-message\"><textarea cols=\"40\" rows=\"10\" maxlength=\"2000\" class=\"wpcf7-form-control wpcf7-textarea wpcf7-validates-as-required\" aria-required=\"true\" aria-invalid=\"false\" placeholder=\"Message*\" name=\"your-message\"><\/textarea><\/span>\n\t\t<\/p>\n\t<\/div>\n\t<div class=\"vc_col-sm-12\" style='margin-bottom:20px;'>\n\t\t<p><span class=\"wpcf7-form-control-wrap\" data-name=\"acceptance-accept\"><span class=\"wpcf7-form-control wpcf7-acceptance\"><span class=\"wpcf7-list-item\"><label><input type=\"checkbox\" name=\"acceptance-accept\" value=\"1\" aria-invalid=\"false\" \/><span class=\"wpcf7-list-item-label\">I approve Facio Event <a href=\"\/en\/privacy-policy\/\" target=\"_blank\">privacy policy<\/a>*<\/span><\/label><\/span><\/span><\/span>\n\t\t<\/p>\n\t<\/div>\n\t<div class=\"vc_col-sm-12\" style='margin-bottom:0px;'>\n\t\t<p><input class=\"wpcf7-form-control wpcf7-submit has-spinner\" type=\"submit\" value=\"Send\" \/>\n\t\t<\/p>\n\t<\/div>\n<\/div><div class=\"wpcf7-response-output\" aria-hidden=\"true\"><\/div>\n<\/form>\n<\/div>\n[\/vc_column][vc_column width=&#8221;1\/6&#8243;][\/vc_column][\/vc_row]<\/p>\n<\/div>","protected":false},"excerpt":{"rendered":"<p>[vc_row row_type=&#8221;row&#8221; use_row_as_full_screen_section=&#8221;no&#8221; type=&#8221;full_width&#8221; text_align=&#8221;left&#8221; background_animation=&#8221;none&#8221; css_animation=&#8221;&#8221; css=&#8221;.vc_custom_1729087127678{margin-bottom: 35px !important;background-image:<\/p>\n","protected":false},"author":2,"featured_media":0,"parent":17271,"menu_order":0,"comment_status":"closed","ping_status":"closed","template":"full_width.php","meta":{"_acf_changed":false,"footnotes":""},"class_list":["post-17275","page","type-page","status-publish","hentry"],"acf":[],"yoast_head":"<!-- This site is optimized with the Yoast SEO plugin v26.7 - https:\/\/yoast.com\/wordpress\/plugins\/seo\/ -->\n<title>Follow-up - Facio<\/title>\n<meta name=\"description\" content=\"Vi genomf\u00f6r noggrann uppf\u00f6ljning och utv\u00e4rdering f\u00f6r att s\u00e4kerst\u00e4lla kvalitet, bygga l\u00e5ngsiktiga samarbeten och skapa n\u00f6jda kunder.\" \/>\n<meta name=\"robots\" content=\"index, follow, max-snippet:-1, max-image-preview:large, max-video-preview:-1\" \/>\n<link rel=\"canonical\" href=\"https:\/\/www.facio.se\/en\/how-we-work\/follow-up\/\" \/>\n<meta property=\"og:locale\" content=\"en_US\" \/>\n<meta property=\"og:type\" content=\"article\" \/>\n<meta property=\"og:title\" content=\"Follow-up - Facio\" \/>\n<meta property=\"og:description\" content=\"Vi genomf\u00f6r noggrann uppf\u00f6ljning och utv\u00e4rdering f\u00f6r att s\u00e4kerst\u00e4lla kvalitet, bygga l\u00e5ngsiktiga samarbeten och skapa n\u00f6jda kunder.\" \/>\n<meta property=\"og:url\" content=\"https:\/\/www.facio.se\/en\/how-we-work\/follow-up\/\" \/>\n<meta property=\"og:site_name\" content=\"Facio\" \/>\n<meta property=\"article:modified_time\" content=\"2024-11-06T12:22:22+00:00\" \/>\n<meta name=\"twitter:card\" content=\"summary_large_image\" \/>\n<meta name=\"twitter:label1\" content=\"Est. reading time\" \/>\n\t<meta name=\"twitter:data1\" content=\"1 minute\" \/>\n<script type=\"application\/ld+json\" class=\"yoast-schema-graph\">{\"@context\":\"https:\/\/schema.org\",\"@graph\":[{\"@type\":\"WebPage\",\"@id\":\"https:\/\/www.facio.se\/en\/how-we-work\/follow-up\/\",\"url\":\"https:\/\/www.facio.se\/en\/how-we-work\/follow-up\/\",\"name\":\"Follow-up - Facio\",\"isPartOf\":{\"@id\":\"https:\/\/www.facio.se\/en\/#website\"},\"datePublished\":\"2024-11-06T12:21:58+00:00\",\"dateModified\":\"2024-11-06T12:22:22+00:00\",\"description\":\"Vi genomf\u00f6r noggrann uppf\u00f6ljning och utv\u00e4rdering f\u00f6r att s\u00e4kerst\u00e4lla kvalitet, bygga l\u00e5ngsiktiga samarbeten och skapa n\u00f6jda kunder.\",\"breadcrumb\":{\"@id\":\"https:\/\/www.facio.se\/en\/how-we-work\/follow-up\/#breadcrumb\"},\"inLanguage\":\"en-US\",\"potentialAction\":[{\"@type\":\"ReadAction\",\"target\":[\"https:\/\/www.facio.se\/en\/how-we-work\/follow-up\/\"]}]},{\"@type\":\"BreadcrumbList\",\"@id\":\"https:\/\/www.facio.se\/en\/how-we-work\/follow-up\/#breadcrumb\",\"itemListElement\":[{\"@type\":\"ListItem\",\"position\":1,\"name\":\"Facio\",\"item\":\"https:\/\/www.facio.se\/en\/\"},{\"@type\":\"ListItem\",\"position\":2,\"name\":\"How we work\",\"item\":\"https:\/\/www.facio.se\/en\/how-we-work\/\"},{\"@type\":\"ListItem\",\"position\":3,\"name\":\"Follow-up\"}]},{\"@type\":\"WebSite\",\"@id\":\"https:\/\/www.facio.se\/en\/#website\",\"url\":\"https:\/\/www.facio.se\/en\/\",\"name\":\"Facio\",\"description\":\"\",\"publisher\":{\"@id\":\"https:\/\/www.facio.se\/en\/#organization\"},\"potentialAction\":[{\"@type\":\"SearchAction\",\"target\":{\"@type\":\"EntryPoint\",\"urlTemplate\":\"https:\/\/www.facio.se\/en\/?s={search_term_string}\"},\"query-input\":{\"@type\":\"PropertyValueSpecification\",\"valueRequired\":true,\"valueName\":\"search_term_string\"}}],\"inLanguage\":\"en-US\"},{\"@type\":\"Organization\",\"@id\":\"https:\/\/www.facio.se\/en\/#organization\",\"name\":\"Facio\",\"url\":\"https:\/\/www.facio.se\/en\/\",\"logo\":{\"@type\":\"ImageObject\",\"inLanguage\":\"en-US\",\"@id\":\"https:\/\/www.facio.se\/en\/#\/schema\/logo\/image\/\",\"url\":\"https:\/\/www.facio.se\/wp-content\/uploads\/2020\/10\/facio.png\",\"contentUrl\":\"https:\/\/www.facio.se\/wp-content\/uploads\/2020\/10\/facio.png\",\"width\":251,\"height\":95,\"caption\":\"Facio\"},\"image\":{\"@id\":\"https:\/\/www.facio.se\/en\/#\/schema\/logo\/image\/\"}}]}<\/script>\n<!-- \/ Yoast SEO plugin. -->","yoast_head_json":{"title":"Follow-up - Facio","description":"Vi genomf\u00f6r noggrann uppf\u00f6ljning och utv\u00e4rdering f\u00f6r att s\u00e4kerst\u00e4lla kvalitet, bygga l\u00e5ngsiktiga samarbeten och skapa n\u00f6jda kunder.","robots":{"index":"index","follow":"follow","max-snippet":"max-snippet:-1","max-image-preview":"max-image-preview:large","max-video-preview":"max-video-preview:-1"},"canonical":"https:\/\/www.facio.se\/en\/how-we-work\/follow-up\/","og_locale":"en_US","og_type":"article","og_title":"Follow-up - Facio","og_description":"Vi genomf\u00f6r noggrann uppf\u00f6ljning och utv\u00e4rdering f\u00f6r att s\u00e4kerst\u00e4lla kvalitet, bygga l\u00e5ngsiktiga samarbeten och skapa n\u00f6jda kunder.","og_url":"https:\/\/www.facio.se\/en\/how-we-work\/follow-up\/","og_site_name":"Facio","article_modified_time":"2024-11-06T12:22:22+00:00","twitter_card":"summary_large_image","twitter_misc":{"Est. reading time":"1 minute"},"schema":{"@context":"https:\/\/schema.org","@graph":[{"@type":"WebPage","@id":"https:\/\/www.facio.se\/en\/how-we-work\/follow-up\/","url":"https:\/\/www.facio.se\/en\/how-we-work\/follow-up\/","name":"Follow-up - Facio","isPartOf":{"@id":"https:\/\/www.facio.se\/en\/#website"},"datePublished":"2024-11-06T12:21:58+00:00","dateModified":"2024-11-06T12:22:22+00:00","description":"Vi genomf\u00f6r noggrann uppf\u00f6ljning och utv\u00e4rdering f\u00f6r att s\u00e4kerst\u00e4lla kvalitet, bygga l\u00e5ngsiktiga samarbeten och skapa n\u00f6jda kunder.","breadcrumb":{"@id":"https:\/\/www.facio.se\/en\/how-we-work\/follow-up\/#breadcrumb"},"inLanguage":"en-US","potentialAction":[{"@type":"ReadAction","target":["https:\/\/www.facio.se\/en\/how-we-work\/follow-up\/"]}]},{"@type":"BreadcrumbList","@id":"https:\/\/www.facio.se\/en\/how-we-work\/follow-up\/#breadcrumb","itemListElement":[{"@type":"ListItem","position":1,"name":"Facio","item":"https:\/\/www.facio.se\/en\/"},{"@type":"ListItem","position":2,"name":"How we work","item":"https:\/\/www.facio.se\/en\/how-we-work\/"},{"@type":"ListItem","position":3,"name":"Follow-up"}]},{"@type":"WebSite","@id":"https:\/\/www.facio.se\/en\/#website","url":"https:\/\/www.facio.se\/en\/","name":"Facio","description":"","publisher":{"@id":"https:\/\/www.facio.se\/en\/#organization"},"potentialAction":[{"@type":"SearchAction","target":{"@type":"EntryPoint","urlTemplate":"https:\/\/www.facio.se\/en\/?s={search_term_string}"},"query-input":{"@type":"PropertyValueSpecification","valueRequired":true,"valueName":"search_term_string"}}],"inLanguage":"en-US"},{"@type":"Organization","@id":"https:\/\/www.facio.se\/en\/#organization","name":"Facio","url":"https:\/\/www.facio.se\/en\/","logo":{"@type":"ImageObject","inLanguage":"en-US","@id":"https:\/\/www.facio.se\/en\/#\/schema\/logo\/image\/","url":"https:\/\/www.facio.se\/wp-content\/uploads\/2020\/10\/facio.png","contentUrl":"https:\/\/www.facio.se\/wp-content\/uploads\/2020\/10\/facio.png","width":251,"height":95,"caption":"Facio"},"image":{"@id":"https:\/\/www.facio.se\/en\/#\/schema\/logo\/image\/"}}]}},"_links":{"self":[{"href":"https:\/\/www.facio.se\/en\/wp-json\/wp\/v2\/pages\/17275","targetHints":{"allow":["GET"]}}],"collection":[{"href":"https:\/\/www.facio.se\/en\/wp-json\/wp\/v2\/pages"}],"about":[{"href":"https:\/\/www.facio.se\/en\/wp-json\/wp\/v2\/types\/page"}],"author":[{"embeddable":true,"href":"https:\/\/www.facio.se\/en\/wp-json\/wp\/v2\/users\/2"}],"replies":[{"embeddable":true,"href":"https:\/\/www.facio.se\/en\/wp-json\/wp\/v2\/comments?post=17275"}],"version-history":[{"count":2,"href":"https:\/\/www.facio.se\/en\/wp-json\/wp\/v2\/pages\/17275\/revisions"}],"predecessor-version":[{"id":17277,"href":"https:\/\/www.facio.se\/en\/wp-json\/wp\/v2\/pages\/17275\/revisions\/17277"}],"up":[{"embeddable":true,"href":"https:\/\/www.facio.se\/en\/wp-json\/wp\/v2\/pages\/17271"}],"wp:attachment":[{"href":"https:\/\/www.facio.se\/en\/wp-json\/wp\/v2\/media?parent=17275"}],"curies":[{"name":"wp","href":"https:\/\/api.w.org\/{rel}","templated":true}]}}